{"id":24068,"date":"2021-06-15T13:31:00","date_gmt":"2021-06-15T13:31:00","guid":{"rendered":"https:\/\/biladi-ltd.com\/contatti\/"},"modified":"2024-03-02T17:16:24","modified_gmt":"2024-03-02T17:16:24","slug":"contactos","status":"publish","type":"page","link":"https:\/\/biladi-ltd.com\/es\/contactos\/","title":{"rendered":"CONTACTOS"},"content":{"rendered":"\t\t<div data-elementor-type=\"wp-page\" data-elementor-id=\"24068\" class=\"elementor elementor-24068 elementor-5556\" data-elementor-post-type=\"page\">\n\t\t\t\t\t\t<section class=\"elementor-section elementor-top-section elementor-element elementor-element-558fabc3 elementor-section-height-min-height elementor-section-boxed elementor-section-height-default elementor-section-items-middle\" data-id=\"558fabc3\" data-element_type=\"section\" data-settings=\"{&quot;background_background&quot;:&quot;classic&quot;}\">\n\t\t\t\t\t\t<div class=\"elementor-container elementor-column-gap-default\">\n\t\t\t\t\t<div class=\"elementor-column elementor-col-100 elementor-top-column elementor-element elementor-element-5b171943\" data-id=\"5b171943\" data-element_type=\"column\">\n\t\t\t<div class=\"elementor-widget-wrap elementor-element-populated\">\n\t\t\t\t\t\t<div class=\"elementor-element elementor-element-3f3adebc elementor-widget elementor-widget-heading\" data-id=\"3f3adebc\" data-element_type=\"widget\" data-widget_type=\"heading.default\">\n\t\t\t\t<div class=\"elementor-widget-container\">\n\t\t\t\t\t<h1 class=\"elementor-heading-title elementor-size-default\">CONTACTOS<\/h1>\t\t\t\t<\/div>\n\t\t\t\t<\/div>\n\t\t\t\t\t<\/div>\n\t\t<\/div>\n\t\t\t\t\t<\/div>\n\t\t<\/section>\n\t\t\t\t<section class=\"elementor-section elementor-top-section elementor-element elementor-element-2f6b18e elementor-section-boxed elementor-section-height-default elementor-section-height-default\" data-id=\"2f6b18e\" data-element_type=\"section\">\n\t\t\t\t\t\t<div class=\"elementor-container elementor-column-gap-default\">\n\t\t\t\t\t<div class=\"elementor-column elementor-col-100 elementor-top-column elementor-element elementor-element-cec7637\" data-id=\"cec7637\" data-element_type=\"column\">\n\t\t\t<div class=\"elementor-widget-wrap elementor-element-populated\">\n\t\t\t\t\t\t<div class=\"elementor-element elementor-element-4cce915 elementor-widget elementor-widget-heading\" data-id=\"4cce915\" data-element_type=\"widget\" data-widget_type=\"heading.default\">\n\t\t\t\t<div class=\"elementor-widget-container\">\n\t\t\t\t\t<h1 class=\"elementor-heading-title elementor-size-medium\">Para cualquier consulta o pedido, p\u00f3ngase en contacto con nosotros:<br> por correo electr\u00f3nico: info@biladi-ltd.com o por tel\u00e9fono: 00356 2099 1808<\/h1>\t\t\t\t<\/div>\n\t\t\t\t<\/div>\n\t\t\t\t\t<\/div>\n\t\t<\/div>\n\t\t\t\t\t<\/div>\n\t\t<\/section>\n\t\t\t\t<section class=\"elementor-section elementor-top-section elementor-element elementor-element-22c5574 elementor-section-boxed elementor-section-height-default elementor-section-height-default\" data-id=\"22c5574\" data-element_type=\"section\">\n\t\t\t\t\t\t<div class=\"elementor-container elementor-column-gap-default\">\n\t\t\t\t\t<div class=\"elementor-column elementor-col-100 elementor-top-column elementor-element elementor-element-787f602\" data-id=\"787f602\" data-element_type=\"column\">\n\t\t\t<div class=\"elementor-widget-wrap elementor-element-populated\">\n\t\t\t\t\t\t<div class=\"elementor-element elementor-element-b8f58f3 elementor-widget elementor-widget-spacer\" data-id=\"b8f58f3\" data-element_type=\"widget\" data-widget_type=\"spacer.default\">\n\t\t\t\t<div class=\"elementor-widget-container\">\n\t\t\t\t\t\t\t<div class=\"elementor-spacer\">\n\t\t\t<div class=\"elementor-spacer-inner\"><\/div>\n\t\t<\/div>\n\t\t\t\t\t\t<\/div>\n\t\t\t\t<\/div>\n\t\t\t\t\t<\/div>\n\t\t<\/div>\n\t\t\t\t\t<\/div>\n\t\t<\/section>\n\t\t\t\t<section class=\"elementor-section elementor-top-section elementor-element elementor-element-4be68b38 elementor-section-height-min-height elementor-section-boxed elementor-section-height-default elementor-section-items-middle\" data-id=\"4be68b38\" data-element_type=\"section\" data-settings=\"{&quot;background_background&quot;:&quot;classic&quot;}\">\n\t\t\t\t\t\t\t<div class=\"elementor-background-overlay\"><\/div>\n\t\t\t\t\t\t\t<div class=\"elementor-container elementor-column-gap-default\">\n\t\t\t\t\t<div class=\"elementor-column elementor-col-100 elementor-top-column elementor-element elementor-element-13fe84f4\" data-id=\"13fe84f4\" data-element_type=\"column\">\n\t\t\t<div class=\"elementor-widget-wrap elementor-element-populated\">\n\t\t\t\t\t\t<div class=\"elementor-element elementor-element-2603d5c elementor-widget elementor-widget-text-editor\" data-id=\"2603d5c\" data-element_type=\"widget\" data-widget_type=\"text-editor.default\">\n\t\t\t\t<div class=\"elementor-widget-container\">\n\t\t\t\t\t\t\t\t\t<h1><span style=\"color: #ffffff;\">CONT\u00c1CTANOS <\/span><\/h1>\t\t\t\t\t\t\t\t<\/div>\n\t\t\t\t<\/div>\n\t\t\t\t<div class=\"elementor-element elementor-element-49c91410 elementor-widget elementor-widget-heading\" data-id=\"49c91410\" data-element_type=\"widget\" data-widget_type=\"heading.default\">\n\t\t\t\t<div class=\"elementor-widget-container\">\n\t\t\t\t\t<h2 class=\"elementor-heading-title elementor-size-default\">Biladi Ltd<\/h2>\t\t\t\t<\/div>\n\t\t\t\t<\/div>\n\t\t\t\t<div class=\"elementor-element elementor-element-29a7ab92 elementor-tablet-align-center elementor-icon-list--layout-traditional elementor-list-item-link-full_width elementor-widget elementor-widget-icon-list\" data-id=\"29a7ab92\" data-element_type=\"widget\" data-widget_type=\"icon-list.default\">\n\t\t\t\t<div class=\"elementor-widget-container\">\n\t\t\t\t\t\t\t<ul class=\"elementor-icon-list-items\">\n\t\t\t\t\t\t\t<li class=\"elementor-icon-list-item\">\n\t\t\t\t\t\t\t\t\t\t\t<span class=\"elementor-icon-list-icon\">\n\t\t\t\t\t\t\t<i aria-hidden=\"true\" class=\"fas fa-map-marker-alt\"><\/i>\t\t\t\t\t\t<\/span>\n\t\t\t\t\t\t\t\t\t\t<span class=\"elementor-icon-list-text\">No.93, Triq Il Pedidalwett - Madliena - Is Swieqi \u2013 Malta \u2013 SWQ1322 <\/span>\n\t\t\t\t\t\t\t\t\t<\/li>\n\t\t\t\t\t\t\t\t<li class=\"elementor-icon-list-item\">\n\t\t\t\t\t\t\t\t\t\t\t<span class=\"elementor-icon-list-icon\">\n\t\t\t\t\t\t\t<i aria-hidden=\"true\" class=\"fas fa-envelope\"><\/i>\t\t\t\t\t\t<\/span>\n\t\t\t\t\t\t\t\t\t\t<span class=\"elementor-icon-list-text\">info@biladi-ltd.com<\/span>\n\t\t\t\t\t\t\t\t\t<\/li>\n\t\t\t\t\t\t\t\t<li class=\"elementor-icon-list-item\">\n\t\t\t\t\t\t\t\t\t\t\t<span class=\"elementor-icon-list-icon\">\n\t\t\t\t\t\t\t<i aria-hidden=\"true\" class=\"fas fa-phone\"><\/i>\t\t\t\t\t\t<\/span>\n\t\t\t\t\t\t\t\t\t\t<span class=\"elementor-icon-list-text\">00356 2099 1808<\/span>\n\t\t\t\t\t\t\t\t\t<\/li>\n\t\t\t\t\t\t<\/ul>\n\t\t\t\t\t\t<\/div>\n\t\t\t\t<\/div>\n\t\t\t\t<div class=\"elementor-element elementor-element-d009548 elementor-widget elementor-widget-text-editor\" data-id=\"d009548\" data-element_type=\"widget\" data-widget_type=\"text-editor.default\">\n\t\t\t\t<div class=\"elementor-widget-container\">\n\t\t\t\t\t\t\t\t\t<h2><span style=\"color: #ffffff;\"><strong>Estaremos encantados de ayudarle<\/strong><\/span><\/h2>\t\t\t\t\t\t\t\t<\/div>\n\t\t\t\t<\/div>\n\t\t\t\t\t<\/div>\n\t\t<\/div>\n\t\t\t\t\t<\/div>\n\t\t<\/section>\n\t\t\t\t<section class=\"elementor-section elementor-top-section elementor-element elementor-element-7e84cb2 elementor-section-boxed elementor-section-height-default elementor-section-height-default\" data-id=\"7e84cb2\" data-element_type=\"section\">\n\t\t\t\t\t\t<div class=\"elementor-container elementor-column-gap-default\">\n\t\t\t\t\t<div class=\"elementor-column elementor-col-100 elementor-top-column elementor-element elementor-element-2255830\" data-id=\"2255830\" data-element_type=\"column\">\n\t\t\t<div class=\"elementor-widget-wrap\">\n\t\t\t\t\t\t\t<\/div>\n\t\t<\/div>\n\t\t\t\t\t<\/div>\n\t\t<\/section>\n\t\t\t\t<\/div>\n\t\t","protected":false},"excerpt":{"rendered":"<p>CONTACTOS Para cualquier consulta o pedido, p\u00f3ngase en contacto con nosotros: por correo electr\u00f3nico: info@biladi-ltd.com o por tel\u00e9fono: 00356 2099 1808 CONT\u00c1CTANOS Biladi Ltd No.93, Triq Il Pedidalwett &#8211; Madliena &#8211; Is Swieqi \u2013 Malta \u2013 SWQ1322 info@biladi-ltd.com 00356 2099 1808 Estaremos encantados de ayudarle<\/p>\n","protected":false},"author":3,"featured_media":0,"parent":0,"menu_order":0,"comment_status":"closed","ping_status":"closed","template":"elementor_header_footer","meta":{"footnotes":""},"class_list":["post-24068","page","type-page","status-publish","hentry"],"yoast_head":"<!-- This site is optimized with the Yoast SEO plugin v27.2 - https:\/\/yoast.com\/product\/yoast-seo-wordpress\/ -->\n<title>CONTACTOS - Biladi Ltd<\/title>\n<meta name=\"robots\" content=\"index, follow, max-snippet:-1, max-image-preview:large, max-video-preview:-1\" \/>\n<link rel=\"canonical\" href=\"https:\/\/biladi-ltd.com\/es\/contactos\/\" \/>\n<meta property=\"og:locale\" content=\"es_ES\" \/>\n<meta property=\"og:type\" content=\"article\" \/>\n<meta property=\"og:title\" content=\"CONTACTOS - Biladi Ltd\" \/>\n<meta property=\"og:description\" content=\"CONTACTOS Para cualquier consulta o pedido, p\u00f3ngase en contacto con nosotros: por correo electr\u00f3nico: info@biladi-ltd.com o por tel\u00e9fono: 00356 2099 1808 CONT\u00c1CTANOS Biladi Ltd No.93, Triq Il Pedidalwett &#8211; Madliena &#8211; Is Swieqi \u2013 Malta \u2013 SWQ1322 info@biladi-ltd.com 00356 2099 1808 Estaremos encantados de ayudarle\" \/>\n<meta property=\"og:url\" content=\"https:\/\/biladi-ltd.com\/es\/contactos\/\" \/>\n<meta property=\"og:site_name\" content=\"Biladi Ltd\" \/>\n<meta property=\"article:modified_time\" content=\"2024-03-02T17:16:24+00:00\" \/>\n<meta name=\"twitter:card\" content=\"summary_large_image\" \/>\n<meta name=\"twitter:label1\" content=\"Tiempo de lectura\" \/>\n\t<meta name=\"twitter:data1\" content=\"1 minuto\" \/>\n<script type=\"application\/ld+json\" class=\"yoast-schema-graph\">{\"@context\":\"https:\/\/schema.org\",\"@graph\":[{\"@type\":\"WebPage\",\"@id\":\"https:\/\/biladi-ltd.com\/es\/contactos\/\",\"url\":\"https:\/\/biladi-ltd.com\/es\/contactos\/\",\"name\":\"CONTACTOS - Biladi Ltd\",\"isPartOf\":{\"@id\":\"https:\/\/biladi-ltd.com\/#website\"},\"datePublished\":\"2021-06-15T13:31:00+00:00\",\"dateModified\":\"2024-03-02T17:16:24+00:00\",\"breadcrumb\":{\"@id\":\"https:\/\/biladi-ltd.com\/es\/contactos\/#breadcrumb\"},\"inLanguage\":\"es\",\"potentialAction\":[{\"@type\":\"ReadAction\",\"target\":[\"https:\/\/biladi-ltd.com\/es\/contactos\/\"]}]},{\"@type\":\"BreadcrumbList\",\"@id\":\"https:\/\/biladi-ltd.com\/es\/contactos\/#breadcrumb\",\"itemListElement\":[{\"@type\":\"ListItem\",\"position\":1,\"name\":\"Home\",\"item\":\"https:\/\/biladi-ltd.com\/\"},{\"@type\":\"ListItem\",\"position\":2,\"name\":\"CONTACTOS\"}]},{\"@type\":\"WebSite\",\"@id\":\"https:\/\/biladi-ltd.com\/#website\",\"url\":\"https:\/\/biladi-ltd.com\/\",\"name\":\"Biladi Ltd\",\"description\":\"\",\"publisher\":{\"@id\":\"https:\/\/biladi-ltd.com\/#organization\"},\"potentialAction\":[{\"@type\":\"SearchAction\",\"target\":{\"@type\":\"EntryPoint\",\"urlTemplate\":\"https:\/\/biladi-ltd.com\/?s={search_term_string}\"},\"query-input\":{\"@type\":\"PropertyValueSpecification\",\"valueRequired\":true,\"valueName\":\"search_term_string\"}}],\"inLanguage\":\"es\"},{\"@type\":\"Organization\",\"@id\":\"https:\/\/biladi-ltd.com\/#organization\",\"name\":\"Biladi Ltd\",\"url\":\"https:\/\/biladi-ltd.com\/\",\"logo\":{\"@type\":\"ImageObject\",\"inLanguage\":\"es\",\"@id\":\"https:\/\/biladi-ltd.com\/#\/schema\/logo\/image\/\",\"url\":\"https:\/\/biladi-ltd.com\/wp-content\/uploads\/2018\/12\/Biladi-logo-300-color.png\",\"contentUrl\":\"https:\/\/biladi-ltd.com\/wp-content\/uploads\/2018\/12\/Biladi-logo-300-color.png\",\"width\":300,\"height\":63,\"caption\":\"Biladi Ltd\"},\"image\":{\"@id\":\"https:\/\/biladi-ltd.com\/#\/schema\/logo\/image\/\"}}]}<\/script>\n<!-- \/ Yoast SEO plugin. -->","yoast_head_json":{"title":"CONTACTOS - Biladi Ltd","robots":{"index":"index","follow":"follow","max-snippet":"max-snippet:-1","max-image-preview":"max-image-preview:large","max-video-preview":"max-video-preview:-1"},"canonical":"https:\/\/biladi-ltd.com\/es\/contactos\/","og_locale":"es_ES","og_type":"article","og_title":"CONTACTOS - Biladi Ltd","og_description":"CONTACTOS Para cualquier consulta o pedido, p\u00f3ngase en contacto con nosotros: por correo electr\u00f3nico: info@biladi-ltd.com o por tel\u00e9fono: 00356 2099 1808 CONT\u00c1CTANOS Biladi Ltd No.93, Triq Il Pedidalwett &#8211; Madliena &#8211; Is Swieqi \u2013 Malta \u2013 SWQ1322 info@biladi-ltd.com 00356 2099 1808 Estaremos encantados de ayudarle","og_url":"https:\/\/biladi-ltd.com\/es\/contactos\/","og_site_name":"Biladi Ltd","article_modified_time":"2024-03-02T17:16:24+00:00","twitter_card":"summary_large_image","twitter_misc":{"Tiempo de lectura":"1 minuto"},"schema":{"@context":"https:\/\/schema.org","@graph":[{"@type":"WebPage","@id":"https:\/\/biladi-ltd.com\/es\/contactos\/","url":"https:\/\/biladi-ltd.com\/es\/contactos\/","name":"CONTACTOS - Biladi Ltd","isPartOf":{"@id":"https:\/\/biladi-ltd.com\/#website"},"datePublished":"2021-06-15T13:31:00+00:00","dateModified":"2024-03-02T17:16:24+00:00","breadcrumb":{"@id":"https:\/\/biladi-ltd.com\/es\/contactos\/#breadcrumb"},"inLanguage":"es","potentialAction":[{"@type":"ReadAction","target":["https:\/\/biladi-ltd.com\/es\/contactos\/"]}]},{"@type":"BreadcrumbList","@id":"https:\/\/biladi-ltd.com\/es\/contactos\/#breadcrumb","itemListElement":[{"@type":"ListItem","position":1,"name":"Home","item":"https:\/\/biladi-ltd.com\/"},{"@type":"ListItem","position":2,"name":"CONTACTOS"}]},{"@type":"WebSite","@id":"https:\/\/biladi-ltd.com\/#website","url":"https:\/\/biladi-ltd.com\/","name":"Biladi Ltd","description":"","publisher":{"@id":"https:\/\/biladi-ltd.com\/#organization"},"potentialAction":[{"@type":"SearchAction","target":{"@type":"EntryPoint","urlTemplate":"https:\/\/biladi-ltd.com\/?s={search_term_string}"},"query-input":{"@type":"PropertyValueSpecification","valueRequired":true,"valueName":"search_term_string"}}],"inLanguage":"es"},{"@type":"Organization","@id":"https:\/\/biladi-ltd.com\/#organization","name":"Biladi Ltd","url":"https:\/\/biladi-ltd.com\/","logo":{"@type":"ImageObject","inLanguage":"es","@id":"https:\/\/biladi-ltd.com\/#\/schema\/logo\/image\/","url":"https:\/\/biladi-ltd.com\/wp-content\/uploads\/2018\/12\/Biladi-logo-300-color.png","contentUrl":"https:\/\/biladi-ltd.com\/wp-content\/uploads\/2018\/12\/Biladi-logo-300-color.png","width":300,"height":63,"caption":"Biladi Ltd"},"image":{"@id":"https:\/\/biladi-ltd.com\/#\/schema\/logo\/image\/"}}]}},"_links":{"self":[{"href":"https:\/\/biladi-ltd.com\/es\/wp-json\/wp\/v2\/pages\/24068","targetHints":{"allow":["GET"]}}],"collection":[{"href":"https:\/\/biladi-ltd.com\/es\/wp-json\/wp\/v2\/pages"}],"about":[{"href":"https:\/\/biladi-ltd.com\/es\/wp-json\/wp\/v2\/types\/page"}],"author":[{"embeddable":true,"href":"https:\/\/biladi-ltd.com\/es\/wp-json\/wp\/v2\/users\/3"}],"replies":[{"embeddable":true,"href":"https:\/\/biladi-ltd.com\/es\/wp-json\/wp\/v2\/comments?post=24068"}],"version-history":[{"count":5,"href":"https:\/\/biladi-ltd.com\/es\/wp-json\/wp\/v2\/pages\/24068\/revisions"}],"predecessor-version":[{"id":24075,"href":"https:\/\/biladi-ltd.com\/es\/wp-json\/wp\/v2\/pages\/24068\/revisions\/24075"}],"wp:attachment":[{"href":"https:\/\/biladi-ltd.com\/es\/wp-json\/wp\/v2\/media?parent=24068"}],"curies":[{"name":"wp","href":"https:\/\/api.w.org\/{rel}","templated":true}]}}